{"id":14,"date":"2022-03-09T16:37:59","date_gmt":"2022-03-09T15:37:59","guid":{"rendered":"https:\/\/theyellowcompany.ch\/?page_id=14"},"modified":"2022-07-18T20:18:00","modified_gmt":"2022-07-18T18:18:00","slug":"contact","status":"publish","type":"page","link":"https:\/\/fuel.theyellowcompany.ch\/en\/contact\/","title":{"rendered":"Contact"},"content":{"rendered":"\n<p class=\"has-text-align-center\">En attendant que la page d&#8217;inscription soit cr\u00e9\u00e9e, envoyez nous ce formulaire avec vos questions et nous ferons un plaisir de vous r\u00e9pondre !<br>Apr\u00e8s coup, nous vous renverrons un lien pour cr\u00e9er votre compte !<\/p>\n\n\n\n<div class=\"wp-block-group\"><div class=\"wp-block-group__inner-container is-layout-flow wp-block-group-is-layout-flow\">\n<div class=\"wp-block-contact-form-7-contact-form-selector\">[contact-form-7 id=&#8221;29121&#8243; title=&#8221;Formulaire de question&#8221;]<\/div>\n<\/div><\/div>\n","protected":false},"excerpt":{"rendered":"<p>En attendant que la page d&#8217;inscription soit cr\u00e9\u00e9e, envoyez nous ce formulaire avec vos questions et nous ferons un plaisir de vous r\u00e9pondre !Apr\u00e8s coup, nous vous renverrons un lien pour cr\u00e9er votre compte !<\/p>","protected":false},"author":1,"featured_media":0,"parent":0,"menu_order":0,"comment_status":"closed","ping_status":"closed","template":"templates\/template-full-width.php","meta":{"footnotes":""},"class_list":["post-14","page","type-page","status-publish","hentry"],"_links":{"self":[{"href":"https:\/\/fuel.theyellowcompany.ch\/en\/wp-json\/wp\/v2\/pages\/14","targetHints":{"allow":["GET"]}}],"collection":[{"href":"https:\/\/fuel.theyellowcompany.ch\/en\/wp-json\/wp\/v2\/pages"}],"about":[{"href":"https:\/\/fuel.theyellowcompany.ch\/en\/wp-json\/wp\/v2\/types\/page"}],"author":[{"embeddable":true,"href":"https:\/\/fuel.theyellowcompany.ch\/en\/wp-json\/wp\/v2\/users\/1"}],"replies":[{"embeddable":true,"href":"https:\/\/fuel.theyellowcompany.ch\/en\/wp-json\/wp\/v2\/comments?post=14"}],"version-history":[{"count":10,"href":"https:\/\/fuel.theyellowcompany.ch\/en\/wp-json\/wp\/v2\/pages\/14\/revisions"}],"predecessor-version":[{"id":29422,"href":"https:\/\/fuel.theyellowcompany.ch\/en\/wp-json\/wp\/v2\/pages\/14\/revisions\/29422"}],"wp:attachment":[{"href":"https:\/\/fuel.theyellowcompany.ch\/en\/wp-json\/wp\/v2\/media?parent=14"}],"curies":[{"name":"wp","href":"https:\/\/api.w.org\/{rel}","templated":true}]}}