{"id":29292,"date":"2022-06-20T20:45:08","date_gmt":"2022-06-20T18:45:08","guid":{"rendered":"https:\/\/fuel.theyellowcompany.ch\/?page_id=29292"},"modified":"2023-10-11T18:45:08","modified_gmt":"2023-10-11T16:45:08","slug":"delivery","status":"publish","type":"page","link":"https:\/\/fuel.theyellowcompany.ch\/en\/delivery\/","title":{"rendered":"Delivery"},"content":{"rendered":"<h4 class=\"wp-block-heading\">Almost everywhere along Lake Leman and further afield, depending on demand!<\/h4>\n\n\n\n<p>We deliver every day, including Sundays and national holidays*, to your home, your place of work or even when you're out and about**. Prices start at just CHF 5 <sub>(+ the fill-up cost)<\/sub><\/p>\n\n\n\n<h4 class=\"wp-block-heading\">Gen\u00e8ve, Jura, Neuch\u00e2tel ainsi que Valais, Berne, Fribourg jusqu&#8217;au R\u00f6stigraben<\/h4>\n\n\n\n<p>Nous nous ferons un plaisir de venir jusqu&#8217;\u00e0 vous si la demande est pr\u00e9sente. Alors inscrivez-vous sans attendre pour nous montrer que vous \u00eates int\u00e9ress\u00e9s !<\/p>\n\n\n\n<h4 class=\"wp-block-heading\">In the mountains?<\/h4>\n\n\n\n<p>If you live up in the mountains, we can deliver to you for a small supplement of CHF 3.00, or we can simply meet you at the bottom of the mountain when you do your shopping, for example, at the normal rate.<\/p>\n\n\n\n<h4 class=\"wp-block-heading\">Vous n&#8217;\u00eates pas dans la zone de livraison ?<\/h4>\n\n\n\n<p>Prennez contact avec nous avec notre adresse <a href=\"mailto:info@theyellowcompany.ch\">e-mail<\/a> and we'll be delighted to find a solution!<\/p>\n\n\n\n<h6 class=\"wp-block-heading\">Legend:<\/h6>\n\n\n\n<ul class=\"wp-block-list\">\n<li>Zone Jaune : Tarif normal<\/li>\n\n\n\n<li>Blue Zone: Mountain Rate (+3 CHF)<\/li>\n\n\n\n<li>Orange Zone: Delivery possible at (+2 CHF)<\/li>\n\n\n\n<li>Dark Blue Zone: Possibility of delivery at the Mountain Rate (+4.-CHF)<\/li>\n<\/ul>\n\n\n<div id=\"wpgmza_map_1\" class=\"wpgmza_map wpgmza-auto-center\" style=\"display:block;width:90%;height:650px;overflow:hidden;position:relative;\" data-map-id=\"1\" data-maps-engine=\"open-layers\" data-build-engine=\"atlas-novus\" data-shortcode-attributes=\"{&quot;id&quot;:&quot;1&quot;,&quot;zoom&quot;:false,&quot;width&quot;:false,&quot;height&quot;:false,&quot;marker&quot;:false,&quot;classname&quot;:false}\" data-settings=\"{&quot;map_title&quot;:&quot;Delivery map&quot;,&quot;map_width&quot;:&quot;90&quot;,&quot;map_height&quot;:&quot;650&quot;,&quot;map_start_lat&quot;:&quot;46.54244035689567&quot;,&quot;map_start_lng&quot;:&quot;6.71188751272058&quot;,&quot;map_start_location&quot;:&quot;45.950464398418106,-109.81550500000003&quot;,&quot;map_start_zoom&quot;:&quot;9&quot;,&quot;default_marker&quot;:&quot;&quot;,&quot;type&quot;:&quot;0&quot;,&quot;alignment&quot;:&quot;4&quot;,&quot;directions_enabled&quot;:&quot;0&quot;,&quot;styling_enabled&quot;:&quot;0&quot;,&quot;styling_json&quot;:&quot;&quot;,&quot;active&quot;:&quot;0&quot;,&quot;kml&quot;:&quot;&quot;,&quot;bicycle&quot;:&quot;0&quot;,&quot;traffic&quot;:&quot;0&quot;,&quot;dbox&quot;:&quot;0&quot;,&quot;dbox_width&quot;:&quot;&quot;,&quot;listmarkers&quot;:&quot;0&quot;,&quot;listmarkers_advanced&quot;:&quot;0&quot;,&quot;filterbycat&quot;:&quot;0&quot;,&quot;ugm_enabled&quot;:&quot;0&quot;,&quot;ugm_category_enabled&quot;:&quot;0&quot;,&quot;fusion&quot;:&quot;&quot;,&quot;map_width_type&quot;:&quot;%&quot;,&quot;map_height_type&quot;:&quot;px&quot;,&quot;mass_marker_support&quot;:&quot;0&quot;,&quot;ugm_access&quot;:&quot;0&quot;,&quot;order_markers_by&quot;:&quot;0&quot;,&quot;order_markers_choice&quot;:&quot;0&quot;,&quot;show_user_location&quot;:&quot;0&quot;,&quot;default_to&quot;:&quot;&quot;,&quot;map_type&quot;:1,&quot;sl_stroke_color&quot;:&quot;&quot;,&quot;sl_fill_color&quot;:&quot;&quot;,&quot;sl_stroke_opacity&quot;:&quot;&quot;,&quot;sl_fill_opacity&quot;:&quot;&quot;,&quot;transport_layer&quot;:false,&quot;action&quot;:&quot;wpgmza_save_map&quot;,&quot;redirect_to&quot;:&quot;\\\/wp-admin\\\/admin-post.php&quot;,&quot;map_id&quot;:&quot;1&quot;,&quot;wpgmza_savemap&quot;:&quot;Save Map&quot;,&quot;http_referer&quot;:&quot;\\\/wp-admin\\\/admin.php?page=wp-google-maps-menu&amp;amp;action=edit&amp;amp;map_id=1&quot;,&quot;wpgmza_id&quot;:&quot;1&quot;,&quot;wpgmza_start_location&quot;:&quot;46.54244035689567,6.71188751272058&quot;,&quot;wpgmza_start_zoom&quot;:&quot;9&quot;,&quot;wpgmza_map_align&quot;:&quot;2&quot;,&quot;store_locator_enabled&quot;:false,&quot;store_locator_distance&quot;:false,&quot;store_locator_search_area&quot;:&quot;radial&quot;,&quot;wpgmza_store_locator_default_radius&quot;:&quot;10&quot;,&quot;store_locator_auto_area_max_zoom&quot;:&quot;&quot;,&quot;wpgmza_store_locator_radius_style&quot;:&quot;legacy&quot;,&quot;store_locator_component_anchor&quot;:&quot;0&quot;,&quot;wpgmza_store_locator_bounce&quot;:false,&quot;wpgmza_sl_animation&quot;:null,&quot;store_locator_query_string&quot;:&quot;&quot;,&quot;store_locator_default_address&quot;:&quot;&quot;,&quot;store_locator_name_search&quot;:false,&quot;store_locator_name_string&quot;:&quot;&quot;,&quot;store_locator_not_found_message&quot;:&quot;&quot;,&quot;store_locator_show_distance&quot;:false,&quot;store_locator_category&quot;:false,&quot;wpgmza_store_locator_use_their_location&quot;:false,&quot;wpgmza_store_locator_hide_before_search&quot;:false,&quot;store_locator_nearby_searches&quot;:false,&quot;wpgmza_ol_tile_filter&quot;:&quot;none&quot;,&quot;wpgmza_theme_data&quot;:&quot;&quot;,&quot;custom_tile_enabled&quot;:false,&quot;custom_tile_image&quot;:&quot;&quot;,&quot;custom_tile_image_width&quot;:&quot;&quot;,&quot;custom_tile_image_height&quot;:&quot;&quot;,&quot;custom_tile_image_attribution&quot;:&quot;&quot;,&quot;iw_primary_color&quot;:&quot;#000000&quot;,&quot;iw_accent_color&quot;:&quot;#000000&quot;,&quot;iw_text_color&quot;:&quot;#000000&quot;,&quot;close_infowindow_on_map_click&quot;:false,&quot;marker_share_links&quot;:false,&quot;wpgmza_listmarkers_by&quot;:&quot;0&quot;,&quot;marker_listing_component_anchor&quot;:null,&quot;marker_listing_component_auto_open&quot;:false,&quot;dataTable_pagination_style&quot;:null,&quot;category_filter_component_anchor&quot;:null,&quot;zoom_level_on_marker_listing_override&quot;:false,&quot;zoom_level_on_marker_listing_click&quot;:&quot;&quot;,&quot;datatable_no_result_message&quot;:&quot;&quot;,&quot;remove_search_box_datables&quot;:false,&quot;datatable_search_string&quot;:&quot;&quot;,&quot;datatable_result_start&quot;:&quot;&quot;,&quot;datatable_result_of&quot;:&quot;&quot;,&quot;datatable_result_to&quot;:&quot;&quot;,&quot;datatable_result_total&quot;:&quot;&quot;,&quot;datatable_result_show&quot;:&quot;&quot;,&quot;datatable_result_entries&quot;:&quot;&quot;,&quot;category_legends_enabled&quot;:false,&quot;category_legends_component_anchor&quot;:null,&quot;jump_to_nearest_marker_on_initialization&quot;:false,&quot;click_open_link&quot;:false,&quot;wpgmza_zoom_on_marker_click&quot;:false,&quot;wpgmza_zoom_on_marker_click_slider&quot;:&quot;&quot;,&quot;polygon_labels&quot;:false,&quot;disable_polygon_info_windows&quot;:false,&quot;fit_maps_bounds_to_markers&quot;:false,&quot;fit_maps_bounds_to_markers_after_filtering&quot;:false,&quot;automatically_pan_to_users_location&quot;:false,&quot;override_users_location_zoom_level&quot;:false,&quot;override_users_location_zoom_levels&quot;:&quot;&quot;,&quot;show_distance_from_location&quot;:false,&quot;map_starts_in_streetview&quot;:false,&quot;map_starts_in_streetview_location&quot;:&quot;&quot;,&quot;map_starts_in_streetview_heading&quot;:&quot;&quot;,&quot;map_starts_in_streetview_pitch&quot;:&quot;&quot;,&quot;map_max_zoom&quot;:&quot;21&quot;,&quot;map_min_zoom&quot;:&quot;0&quot;,&quot;hide_point_of_interest&quot;:false,&quot;disable_lightbox_images&quot;:false,&quot;use_Raw_Jpeg_Coordinates&quot;:false,&quot;enable_marker_ratings&quot;:false,&quot;only_load_markers_within_viewport&quot;:false,&quot;store_locator_location_placeholder&quot;:&quot;&quot;,&quot;marker_listing_disable_zoom&quot;:false,&quot;id&quot;:1}\" ><\/div>\n\n\n\n<p><sub>*Excluding Christmas and New Year's Eve<\/sub><sup><sub>.<\/sub><\/sup><sub>**limited to the above zone and Switzerland!<br><\/sub><\/p>","protected":false},"excerpt":{"rendered":"<p>Presque partout le long du L\u00e9man et plus loin suivant la demande ! Oui, nous livrons tous les jours, y compris les dimanches et jours f\u00e9ri\u00e9s* chez vous, sur votre lieu de travail ou encore lorsque que vous vous baladez**; \u00c0 partir de la modique somme de 5 CHF (+ le plein) Gen\u00e8ve, Jura, Neuch\u00e2tel [&hellip;]<\/p>\n","protected":false},"author":1,"featured_media":0,"parent":0,"menu_order":0,"comment_status":"closed","ping_status":"closed","template":"templates\/template-full-width.php","meta":{"footnotes":""},"class_list":["post-29292","page","type-page","status-publish","hentry"],"_links":{"self":[{"href":"https:\/\/fuel.theyellowcompany.ch\/en\/wp-json\/wp\/v2\/pages\/29292","targetHints":{"allow":["GET"]}}],"collection":[{"href":"https:\/\/fuel.theyellowcompany.ch\/en\/wp-json\/wp\/v2\/pages"}],"about":[{"href":"https:\/\/fuel.theyellowcompany.ch\/en\/wp-json\/wp\/v2\/types\/page"}],"author":[{"embeddable":true,"href":"https:\/\/fuel.theyellowcompany.ch\/en\/wp-json\/wp\/v2\/users\/1"}],"replies":[{"embeddable":true,"href":"https:\/\/fuel.theyellowcompany.ch\/en\/wp-json\/wp\/v2\/comments?post=29292"}],"version-history":[{"count":47,"href":"https:\/\/fuel.theyellowcompany.ch\/en\/wp-json\/wp\/v2\/pages\/29292\/revisions"}],"predecessor-version":[{"id":30782,"href":"https:\/\/fuel.theyellowcompany.ch\/en\/wp-json\/wp\/v2\/pages\/29292\/revisions\/30782"}],"wp:attachment":[{"href":"https:\/\/fuel.theyellowcompany.ch\/en\/wp-json\/wp\/v2\/media?parent=29292"}],"curies":[{"name":"wp","href":"https:\/\/api.w.org\/{rel}","templated":true}]}}