{"id":29576,"date":"2022-08-11T19:28:37","date_gmt":"2022-08-11T17:28:37","guid":{"rendered":"https:\/\/fuel.theyellowcompany.ch\/?page_id=29576"},"modified":"2024-11-12T11:54:47","modified_gmt":"2024-11-12T10:54:47","slug":"test-page","status":"publish","type":"page","link":"https:\/\/fuel.theyellowcompany.ch\/en\/test-page\/","title":{"rendered":"Test page"},"content":{"rendered":"<div id=\"text-align:-center;\" class=\"wp-block-group\"><div class=\"wp-block-group__inner-container is-layout-flow wp-block-group-is-layout-flow\"><div class=\"formbox-wrapper\"><form action=\"https:\/\/fuel.theyellowcompany.ch\/en\/test-page\/\" name=\"formbox\" class=\"formbox formbox-11\" id=\"calculator_11\" data-trp-original-action=\"https:\/\/fuel.theyellowcompany.ch\/en\/test-page\/\">\n\t\t\t\t\t\t\t\t\t\t\n\t\t\t\t\t\t\t\t\t\t\n\t\t\t\t\t\t\t\t\t\t\n\t\t\t\t\t\t\t\t\t\t\n\t\t\t\t\t\t\t\t\t\t\n\t\t\t\t\t\t\t\t\t\t\n\t\t\t\t\t\t\t\t\t\t\n\t\t\t\t\t\t\t\t\t\t\n\t\t\t\t\t\t\t\t\t\t\n\t\t\t\t\t\t\t\t\t\t\n\t\t\t\t\t\t\t\t\t\t\n\t\t\t\t\t\t\t\t\t\t\n\t\t\t\t\t\t\t\t\t\t\n\t\t\t\t\t\t\t\t\t\t\n\t\t\t\t\t\t\t\t\t\t\n\t\t\t\t\t\t\t\t\t\t\n\t\t\t\t\t\t\t\t\t\t\n\t\t\t\t\t\t\t\t\t\t\n\t\t\t\t\t\t\t\t\t\t\n\t\t\t\t\t\t\t\t\t\t\n\t\t\t\t\t\t\t\t\t\t\n\t\t\t\t\t\t\t\t\t\t\n\t\t\t\t\t\t\t\t\t\t\n\t\t\t\t\t\t\t\t\t\t\n\t\t\t\t\t\t\t\t\t\t\n\t\t\t\t\t\t\t\t\t\t\n\t\t\t\t\t\t\t\t\t\t\n\t\t\t\t\t\t\t\t\t\t\n\t\t\t\t\t\t\t\t\t\t<fieldset class=\"formbox__container\"><div class=\"formbox__title\" style=\"box-shadow: none\">Your registration state <\/div><div class=\"formbox__body\"><div class=\"formbox__field\" style=\"box-shadow: none\"><label class=\"formbox__field-lable\" for=\"formbox-field-1\">Your registration state <\/label><select class=\"formbox__field-select\" name=\"formbox-field-1\" id=\"formbox-field-1\"><option value=\"1\">Vaud (calcul 2024)<\/option><option value=\"2\">Jura (-50%)<\/option><option value=\"3\">Gen\u00e8ve<\/option><option value=\"4\">Neuch\u00e2tel (calcul 2024)<\/option><option value=\"5\">Fribourg<\/option><option value=\"6\">Wallis<\/option><option value=\"7\">Gen\u00e8ve (calcul 2025)<\/option><\/select><\/div><\/div> <\/fieldset><fieldset class=\"formbox__container\"><div class=\"formbox__title\" style=\"box-shadow: none\">Votre taxe auto annuelle<\/div><div class=\"formbox__body\"><div class=\"formbox__field has-addon is-right\" style=\"box-shadow: none\"><span class=\"formbox__field-addon\">CHF<\/span><label class=\"formbox__field-lable\" for=\"formbox-field-2\">Votre taxe auto annuelle<\/label><input type=\"number\" class=\"formbox__field-input\" value=\"500\" step=\"0.05\" min=\"0\" name=\"formbox-field-2\" id=\"formbox-field-2\"><\/div><\/div> <\/fieldset><fieldset class=\"formbox__container\"><div class=\"formbox__title\" style=\"box-shadow: none\"><\/div><div class=\"formbox__body\"><div class=\"formbox__field\" style=\"box-shadow: none\"><div class=\"formbox__field-checkbox\"><input type=\"checkbox\" value=\"1\" name=\"formbox-field-3\" id=\"formbox-field-3\"><label for=\"formbox-field-3\">J'ai d\u00e9j\u00e0 une r\u00e9duction de taxe<\/label><\/div><\/div><\/div> <\/fieldset><fieldset class=\"formbox__container\"><div class=\"formbox__title\" style=\"box-shadow: none\"><\/div><div class=\"formbox__body\"><div class=\"formbox__field\" style=\"box-shadow: none\"><div class=\"formbox__field-checkbox\"><input type=\"checkbox\" value=\"1\" name=\"formbox-field-4\" id=\"formbox-field-4\"><label for=\"formbox-field-4\">J'ai un v\u00e9hicule de livraison \/ pickup<\/label><\/div><\/div><\/div> <\/fieldset><fieldset class=\"formbox__container\"><div class=\"formbox__title\" style=\"box-shadow: none\">Puissence du v\u00e9hicule<\/div><div class=\"formbox__body\"><div class=\"formbox__field has-addon is-right\" style=\"box-shadow: none\"><span class=\"formbox__field-addon\">KW<\/span><label class=\"formbox__field-lable\" for=\"formbox-field-5\">Puissence du v\u00e9hicule<\/label><input type=\"number\" class=\"formbox__field-input\" value=\"100\" step=\"1\" min=\"1\" name=\"formbox-field-5\" id=\"formbox-field-5\"><\/div><\/div> <\/fieldset><fieldset class=\"formbox__container\"><div class=\"formbox__title\">Le poids total du v\u00e9hicule<\/div><div class=\"formbox__body\"><div class=\"formbox__field has-addon is-right\" style=\"box-shadow: none\"><span class=\"formbox__field-addon\">kg<\/span><label class=\"formbox__field-lable\" for=\"formbox-field-6\">Le poids total du v\u00e9hicule<\/label><input type=\"number\" class=\"formbox__field-input\" value=\"1500\" step=\"1\" min=\"0\" max=\"40000\" name=\"formbox-field-6\" id=\"formbox-field-6\"><\/div><\/div> <\/fieldset><fieldset class=\"formbox__container\"><div class=\"formbox__title\" style=\"box-shadow: none\">The year of the first immatriuclation<\/div><div class=\"formbox__body\"><div class=\"formbox__field\" style=\"box-shadow: none\"><label class=\"formbox__field-lable\" for=\"formbox-field-7\">The year of the first immatriuclation<\/label><input type=\"number\" class=\"formbox__field-input\" value=\"2016\" step=\"1\" min=\"1900\" max=\"2023\" name=\"formbox-field-7\" id=\"formbox-field-7\"><\/div><\/div> <\/fieldset><fieldset class=\"formbox__container\"><div class=\"formbox__title\">Your current CO2 emissions:<\/div><div class=\"formbox__body\"><div class=\"formbox__field has-addon is-right\" style=\"box-shadow: none\"><span class=\"formbox__field-addon\">g\/KM<\/span><label class=\"formbox__field-lable\" for=\"formbox-field-8\">Your current CO2 emissions:<\/label><input type=\"number\" class=\"formbox__field-input\" value=\"135\" step=\"0.01\" min=\"0\" name=\"formbox-field-8\" id=\"formbox-field-8\"><\/div><\/div> <\/fieldset><fieldset class=\"formbox__container\"><div class=\"formbox__title\"><\/div><div class=\"formbox__body\"><div class=\"formbox__field\" style=\"box-shadow: none\"><div class=\"formbox__field-checkbox\"><input type=\"checkbox\" value=\"1\" name=\"formbox-field-9\" id=\"formbox-field-9\"><label for=\"formbox-field-9\">Plus de d\u00e9tails sur la consommation<\/label><\/div><\/div><\/div> <\/fieldset><fieldset class=\"formbox__container is-hidden\"><div class=\"formbox__title\" style=\"box-shadow: none\">Gasoline\/Petrol price :<\/div><div class=\"formbox__body\"><div class=\"formbox__field has-addon is-right\" style=\"box-shadow: none\"><span class=\"formbox__field-addon\">CHF<\/span><label class=\"formbox__field-lable\" for=\"formbox-field-10\">Gasoline\/Petrol price :<\/label><input type=\"number\" class=\"formbox__field-input\" value=\"1.85\" step=\"0.01\" min=\"1.50\" max=\"3.50\" name=\"formbox-field-10\" id=\"formbox-field-10\"><\/div><\/div> <\/fieldset><fieldset class=\"formbox__container is-hidden\"><div class=\"formbox__title\">Bioethanol price<\/div><div class=\"formbox__body\"><div class=\"formbox__field has-addon is-right\" style=\"box-shadow: none\"><span class=\"formbox__field-addon\">CHF<\/span><label class=\"formbox__field-lable\" for=\"formbox-field-11\">Bioethanol price<\/label><input type=\"number\" class=\"formbox__field-input\" value=\"1\" step=\"0.01\" min=\"0.50\" max=\"2.50\" required=\"\" name=\"formbox-field-11\" id=\"formbox-field-11\"><\/div><\/div> <\/fieldset><fieldset class=\"formbox__container is-hidden\"><div class=\"formbox__title\">Your fuel consumption <\/div><div class=\"formbox__body\"><div class=\"formbox__field has-addon is-right\" style=\"box-shadow: none\"><span class=\"formbox__field-addon\">L\/100<\/span><label class=\"formbox__field-lable\" for=\"formbox-field-12\">Your fuel consumption <\/label><input type=\"number\" class=\"formbox__field-input\" value=\"8\" step=\"0.01\" min=\"0\" required=\"\" name=\"formbox-field-12\" id=\"formbox-field-12\"><\/div><\/div> <\/fieldset><fieldset class=\"formbox__container is-hidden\"><div class=\"formbox__title\">La taille de votre r\u00e9servoir<\/div><div class=\"formbox__body\"><div class=\"formbox__field has-addon is-right\" style=\"box-shadow: none\"><span class=\"formbox__field-addon\">L<\/span><label class=\"formbox__field-lable\" for=\"formbox-field-13\">La taille de votre r\u00e9servoir<\/label><input type=\"number\" class=\"formbox__field-input\" value=\"50\" step=\"0.01\" min=\"1\" required=\"\" name=\"formbox-field-13\" id=\"formbox-field-13\"><\/div><\/div> <\/fieldset><fieldset class=\"formbox__container is-hidden\"><div class=\"formbox__title\">Your monthly kilometres<\/div><div class=\"formbox__body\"><div class=\"formbox__field has-addon is-right\" style=\"box-shadow: none\"><span class=\"formbox__field-addon\">KMs<\/span><label class=\"formbox__field-lable\" for=\"formbox-field-14\">Your monthly kilometres<\/label><input type=\"number\" class=\"formbox__field-input\" value=\"1000\" step=\"0.01\" min=\"0\" required=\"\" name=\"formbox-field-14\" id=\"formbox-field-14\"><\/div><\/div> <\/fieldset>\t\t\t\t\t\t\t\t\t\t\t\t\t\t\t\t\t\t\t\t\t\t\t\t\t\t\t<fieldset class=\"formbox__container has-result is-hidden is-vertical\"><div class=\"formbox__title\" style=\"box-shadow: none\">Cost summary<\/div><div class=\"formbox__body\"><div class=\"formbox__field is-result\" style=\"box-shadow: none\"><label class=\"formbox__field-lable\" for=\"formbox-field-15\">Cost summary<\/label><textarea class=\"formbox__field-result\" readonly=\"\" name=\"formbox-field-15\" id=\"formbox-field-15\" hidden=\"\"><\/textarea><div class=\"formbox__htmlBlock-result\"><\/div><\/div><\/div> <\/fieldset>\t\t\t\t\t\t\t\t\t\t\t\t\t\t\t\t\t\t\t\t\t\t\t\t\t\t\t\t\t\t\t\t\t\t\t\t\t\t\t\t\t\t\t\t\t\t\t\t\t\t\t\t\t\t\t\t\t\t\t\t\t\t\t\t\t\t\t\t\t\t\t\t\t\t\t\t\t\t\t\t\t\t\t\t\t\t\t\t\t\t\t\t\t\t\t\t\t\t\t\t\t\t\t\t\t\t\t\t\t\t\t\t\t\t\t\t\t\t\t\t\t\t\t\t\t\t\t\t\t\t\t\t\t\t\t\t\t\t\t\t\t\t\t\t\t\t\t\t\t\t\t\t\t\t\t\t\t\t\t\t\t\t\t\t\t\t\t\t\t\t\t\t\t\t\t\t\t\t\t\t\t\t\t\t\t\t\t\t\t\t\t\t\t\t\t\t\t\t\t\t\t\t\t\t\t\t\t\t\t\t\t\t\t\t\t\t\t\t\t\t\t\t\t\t\t\t\t\t\t\t\t\t\t\t<input type=\"hidden\" id=\"calc-load-11\" class=\"calc-load\"><input type=\"hidden\" name=\"trp-form-language\" value=\"en\"\/><\/form><\/div><style id=\"calculator-11-custom-style\">.formbox__field-addon{ width: 50px; } .result_title{ text-align: center; } .setIntoFirstColomn{ float: left; width: 50% } .setIntoSecondColomn{ float: left; width: 50% } \/* Tooltip container *\/ .tooltip { position: relative; display: inline-block; border-bottom: 1px dotted black; \/* If you want dots under the hoverable text *\/ } \/* Tooltip text *\/ .tooltip .tooltiptext { visibility: hidden; width: 120px; background-color: #555; color: #fff; text-align: center; padding: 5px 0; border-radius: 6px; \/* Position the tooltip text *\/ position: absolute; z-index: 1; bottom: 125%; left: 50%; margin-left: -60px; \/* Fade in tooltip *\/ opacity: 0; transition: opacity 0.3s; } \/* Tooltip arrow *\/ .tooltip .tooltiptext::after { content: \"\"; position: absolute; top: 100%; left: 50%; margin-left: -5px; border-width: 5px; border-style: solid; border-color: #555 transparent transparent transparent; } \/* Show the tooltip text when you mouse over the tooltip container *\/ .tooltip:hover .tooltiptext { visibility: visible; opacity: 1; }<\/style>\n<\/div><\/div>","protected":false},"excerpt":{"rendered":"","protected":false},"author":1,"featured_media":0,"parent":0,"menu_order":0,"comment_status":"closed","ping_status":"closed","template":"templates\/template-full-width.php","meta":{"footnotes":""},"class_list":["post-29576","page","type-page","status-publish","hentry"],"_links":{"self":[{"href":"https:\/\/fuel.theyellowcompany.ch\/en\/wp-json\/wp\/v2\/pages\/29576","targetHints":{"allow":["GET"]}}],"collection":[{"href":"https:\/\/fuel.theyellowcompany.ch\/en\/wp-json\/wp\/v2\/pages"}],"about":[{"href":"https:\/\/fuel.theyellowcompany.ch\/en\/wp-json\/wp\/v2\/types\/page"}],"author":[{"embeddable":true,"href":"https:\/\/fuel.theyellowcompany.ch\/en\/wp-json\/wp\/v2\/users\/1"}],"replies":[{"embeddable":true,"href":"https:\/\/fuel.theyellowcompany.ch\/en\/wp-json\/wp\/v2\/comments?post=29576"}],"version-history":[{"count":16,"href":"https:\/\/fuel.theyellowcompany.ch\/en\/wp-json\/wp\/v2\/pages\/29576\/revisions"}],"predecessor-version":[{"id":30968,"href":"https:\/\/fuel.theyellowcompany.ch\/en\/wp-json\/wp\/v2\/pages\/29576\/revisions\/30968"}],"wp:attachment":[{"href":"https:\/\/fuel.theyellowcompany.ch\/en\/wp-json\/wp\/v2\/media?parent=29576"}],"curies":[{"name":"wp","href":"https:\/\/api.w.org\/{rel}","templated":true}]}}