{"id":3,"date":"2022-04-21T19:27:20","date_gmt":"2022-04-21T17:27:20","guid":{"rendered":"https:\/\/fuel.theyellowcompany.ch\/?page_id=3"},"modified":"2023-04-29T15:34:17","modified_gmt":"2023-04-29T13:34:17","slug":"privacy-policy","status":"publish","type":"page","link":"https:\/\/fuel.theyellowcompany.ch\/en\/privacy-policy\/","title":{"rendered":"Legal information about La Yellow Company SCM"},"content":{"rendered":"<p><\/p>\n\n\n\n<h6 class=\"wp-block-heading has-text-align-center\">Vous pouvez trouver les conditions g\u00e9n\u00e9rales d&#8217;utilisation et notre politique de protection de vos donn\u00e9es personnelles sur leurs pages respectives <\/h6>\n\n\n\n<div class=\"wp-block-columns is-layout-flex wp-container-core-columns-is-layout-9d6595d7 wp-block-columns-is-layout-flex\">\n<div class=\"wp-block-column is-layout-flow wp-block-column-is-layout-flow\">\n<div class=\"wp-block-buttons is-layout-flex wp-block-buttons-is-layout-flex\">\n<div class=\"wp-block-button\"><a class=\"wp-block-button__link has-primary-color has-text-color has-background wp-element-button\" href=\"\/en\/.\/cguv\/\" style=\"background-color:#fff200\">Conditions g\u00e9n\u00e9rales d&#8217;utilisation<\/a><\/div>\n<\/div>\n<\/div>\n\n\n\n<div class=\"wp-block-column is-layout-flow wp-block-column-is-layout-flow\">\n<div class=\"wp-block-buttons is-layout-flex wp-block-buttons-is-layout-flex\">\n<div class=\"wp-block-button\"><a class=\"wp-block-button__link has-primary-color has-text-color has-background wp-element-button\" href=\"\/en\/.\/RGPD\/\" style=\"background-color:#fff200\">Data Protection Policy<\/a><\/div>\n<\/div>\n<\/div>\n<\/div>","protected":false},"excerpt":{"rendered":"<p>Vous pouvez trouver les conditions g\u00e9n\u00e9rales d&#8217;utilisation et notre politique de protection de vos donn\u00e9es personnelles sur leurs pages respectives<\/p>","protected":false},"author":1,"featured_media":0,"parent":0,"menu_order":0,"comment_status":"closed","ping_status":"closed","template":"","meta":{"footnotes":""},"class_list":["post-3","page","type-page","status-publish","hentry"],"_links":{"self":[{"href":"https:\/\/fuel.theyellowcompany.ch\/en\/wp-json\/wp\/v2\/pages\/3","targetHints":{"allow":["GET"]}}],"collection":[{"href":"https:\/\/fuel.theyellowcompany.ch\/en\/wp-json\/wp\/v2\/pages"}],"about":[{"href":"https:\/\/fuel.theyellowcompany.ch\/en\/wp-json\/wp\/v2\/types\/page"}],"author":[{"embeddable":true,"href":"https:\/\/fuel.theyellowcompany.ch\/en\/wp-json\/wp\/v2\/users\/1"}],"replies":[{"embeddable":true,"href":"https:\/\/fuel.theyellowcompany.ch\/en\/wp-json\/wp\/v2\/comments?post=3"}],"version-history":[{"count":53,"href":"https:\/\/fuel.theyellowcompany.ch\/en\/wp-json\/wp\/v2\/pages\/3\/revisions"}],"predecessor-version":[{"id":30558,"href":"https:\/\/fuel.theyellowcompany.ch\/en\/wp-json\/wp\/v2\/pages\/3\/revisions\/30558"}],"wp:attachment":[{"href":"https:\/\/fuel.theyellowcompany.ch\/en\/wp-json\/wp\/v2\/media?parent=3"}],"curies":[{"name":"wp","href":"https:\/\/api.w.org\/{rel}","templated":true}]}}