{"id":30023,"date":"2022-11-03T14:00:00","date_gmt":"2022-11-03T13:00:00","guid":{"rendered":"https:\/\/fuel.theyellowcompany.ch\/?page_id=30023"},"modified":"2022-11-03T14:04:42","modified_gmt":"2022-11-03T13:04:42","slug":"rgpd","status":"publish","type":"page","link":"https:\/\/fuel.theyellowcompany.ch\/en\/rgpd\/","title":{"rendered":"Personal data protection policy of The Yellow Company SCM"},"content":{"rendered":"<p><em><strong>Last Update on the<\/strong><\/em><\/p>\n\n\n\n<p>Nous utilisons certains cookies uniquement \u00e0 des buts de fonctionnel ; nous ne vendons donc pas vos donn\u00e9es. Nous pouvons mettre \u00e0 jour cette politique \u00e0 tout moment. En continuant sur ce site, vous acceptez les conditions mises \u00e0 jour. Si vous utilisez les services de La Yellow Company SCM par le biais de votre entreprise, demandez donc au service informatique de votre entreprise de quelle mani\u00e8re, il traite vos informations personnelles qu&#8217;elle nous transmettra, Merci !<\/p>\n\n\n\n<h2 class=\"wp-block-heading\">1. What personal data do we collect and how do we collect it? <\/h2>\n\n\n\n<p>Here are the details of the data we collect using the form and cookies, separated into the following categories:<\/p>\n\n\n\n<div class=\"wp-block-pb-accordion-item c-accordion__item js-accordion-item no-js\" data-initially-open=\"false\" data-click-to-close=\"true\" data-auto-close=\"true\" data-scroll=\"false\" data-scroll-offset=\"0\"><button id=\"at-300230\" class=\"c-accordion__title js-accordion-controller c-accordion__title--button\" role=\"button\">More details<\/button><div id=\"ac-300230\" class=\"c-accordion__content\">\n<ul class=\"wp-block-list\">\n<li><strong>Donn\u00e9es d&#8217;identification<\/strong>which corresponds to your surname and first name.<\/li>\n\n\n\n<li><strong>Contact details<\/strong>This includes your delivery\/billing address, your e-mail address and your telephone numbers.<\/li>\n\n\n\n<li><strong>Profile details<\/strong>, ce qui correspond \u00e0 votre nom d&#8217;utilisateur et mot de passe, vos achats ou commandes que vous avez effectu\u00e9es, vos demandes au support technique, vos pr\u00e9f\u00e9rences aux enqu\u00eates, vos commentaires aux publications du Blog, et vos pr\u00e9f\u00e9rences pour les communications marketing et non-marketing de notre part.<\/li>\n\n\n\n<li><strong>Financial Information<\/strong>which include the card numbers used to pay.<\/li>\n\n\n\n<li><strong>Transactional data<\/strong>This includes details of payments you have made or received and details of products and services you have purchased from us. <\/li>\n\n\n\n<li><strong>Website technical data<\/strong>, ce qui comprend les informations sur votre adresse IP avec laquelle vous vous connectez \u00e0 notre site, le navigateur, la version de celui-ci, les extensions, le syst\u00e8me d&#8217;exploitation et la mani\u00e8re g\u00e9n\u00e9rale dans laquelle vous utiliser notre site web et nos servies en ligne<\/li>\n<\/ul>\n<\/div><\/div>\n\n\n\n<h2 class=\"wp-block-heading\">2. How and why we use your personal data<\/h2>\n\n\n\n<p>Your personal data is used for our commercial purposes described below:<\/p>\n\n\n\n<div class=\"wp-block-pb-accordion-item c-accordion__item js-accordion-item no-js\" data-initially-open=\"false\" data-click-to-close=\"true\" data-auto-close=\"true\" data-scroll=\"false\" data-scroll-offset=\"0\"><button id=\"at-300231\" class=\"c-accordion__title js-accordion-controller c-accordion__title--button\" role=\"button\">More details<\/button><div id=\"ac-300231\" class=\"c-accordion__content\">\n<figure class=\"wp-block-table is-style-regular\"><table class=\"has-fixed-layout\"><thead><tr><th class=\"has-text-align-left\" data-align=\"left\">Detailed applications<\/th><th class=\"has-text-align-left\" data-align=\"left\">Types of personal data used<\/th><\/tr><\/thead><tbody><tr><td class=\"has-text-align-left\" data-align=\"left\">- Processing and delivering customer orders <br>- Processing and delivering customer orders <br>- Manage customer relations with whom we will communicate changes or updates to the general terms and conditions and\/or our personal data protection policy<br>- Administer the web services we provide and therefore prevent or troubleshoot infrastructure problems<br>&#8211; D\u00e9tecter, pr\u00e9venir ou traiter une quelconque fraude, probl\u00e8me de s\u00e9curit\u00e9 en contr\u00f4lant que nos conditions g\u00e9n\u00e9rales ainsi que notre politique de donn\u00e9es personnelles soient bien respect\u00e9es <br>- Defending our interests in the event of a dispute<br>&#8211; Nous conformer de bonne foi aux lois et aux ordonnances appliqu\u00e9es dans le pays dans lequel nous exer\u00e7ons nos services et donc aussi aux proc\u00e9dures judiciaires ainsi qu&#8217;aux demandes l\u00e9gitimes des autorit\u00e9s <\/td><td class=\"has-text-align-left\" data-align=\"left\">&#8211; Donn\u00e9es d&#8217;identifications <br>- Contact details<br>\u2013 Profil<br>- Financial Information<br>- Transactional data<br>- Website technical data<\/td><\/tr><tr><td class=\"has-text-align-left\" data-align=\"left\">- Have an understanding of the customer's interests<br>&#8211; D\u00e9livrer des actualit\u00e9s concernant des offres et autres contenus pertinents au client et ensuite mesurer l&#8217;efficacit\u00e9 de ceux-ci<br>&#8211; Transmettre diff\u00e9rents sondages concernant les services de l&#8217;entreprise.<\/td><td class=\"has-text-align-left\" data-align=\"left\">&#8211; Donn\u00e9es d&#8217;identifications <br>- Contact details<br>\u2013 Profil<br>- Transactional data<br>- Website technical data<\/td><\/tr><tr><td class=\"has-text-align-left\" data-align=\"left\">- To analyze the data in order to optimize our services and products and therefore our marketing and customer relations.<\/td><td class=\"has-text-align-left\" data-align=\"left\">- Website technical data <\/td><\/tr><\/tbody><\/table><\/figure>\n<\/div><\/div>\n\n\n\n<div class=\"wp-block-columns is-layout-flex wp-container-core-columns-is-layout-9d6595d7 wp-block-columns-is-layout-flex\">\n<div class=\"wp-block-column is-layout-flow wp-block-column-is-layout-flow\"><\/div>\n<\/div>\n\n\n\n<h2 class=\"wp-block-heading\">3. With whom we share your personal data<\/h2>\n\n\n\n<p>Once again, we do not sell your data to third parties, but we may need to transmit data for the proper functioning of the website: <\/p>\n\n\n\n<div class=\"wp-block-pb-accordion-item c-accordion__item js-accordion-item no-js\" data-initially-open=\"false\" data-click-to-close=\"true\" data-auto-close=\"true\" data-scroll=\"false\" data-scroll-offset=\"0\"><button id=\"at-300232\" class=\"c-accordion__title js-accordion-controller c-accordion__title--button\" role=\"button\"><em>More details<\/em><\/button><div id=\"ac-300232\" class=\"c-accordion__content\">\n<ul class=\"wp-block-list\">\n<li><strong>Our service providers <\/strong>; nous partagerons, alors certaines donn\u00e9es sp\u00e9cifiques \u00e0 nos fournisseurs pour le bon fonctionnement des services. Par exemple, lors d&#8217;une transaction sur le shop, le syst\u00e8me passera automatiquement les donn\u00e9es bancaires \u00e0 nos diff\u00e9rents fournisseur; Sumup pour les paiements physiques par carte ou Stripe pour les paiements en ligne.<\/li>\n\n\n\n<li><strong>The government and all other entities deriving from it <\/strong>: if we are required by law to provide personal information for a variety of purposes, we will transfer that information as necessary<\/li>\n\n\n\n<li><strong>Entreprise impliqu\u00e9e dans une cession de l&#8217;entreprise<\/strong> : Si nous nous amenons \u00e0 vendre, \u00e0 fusionner ou \u00e0 restructurer l\u2019entreprise, nous nous permettrons de transf\u00e9rer toutes les donn\u00e9es \u00e0 l&#8217;entreprise m\u00e8re ou survivante.<\/li>\n<\/ul>\n<\/div><\/div>\n\n\n\n<h2 class=\"wp-block-heading\">4. How we protect your data <\/h2>\n\n\n\n<p>Nous mettons tout en \u0153uvre pour que vos donn\u00e9es personnelles restent confidentielles en y apportant des protections contre le vol, la perte, l&#8217;acc\u00e8s non-autoris\u00e9, l&#8217;utilisation abusive, la divulgation, l&#8217;alt\u00e9ration ou finalement la destruction tout en tenant compte des risques li\u00e9s au traitement de celle-ci.<\/p>\n\n\n\n<p>Malgr\u00e9 la grande importance apport\u00e9e \u00e0 la s\u00e9curit\u00e9, nous ne pouvons pas vous garantir qu&#8217;une personne malveillante tente d&#8217;acc\u00e9der \u00e0 celle-ci malgr\u00e9 l&#8217;interdiction qui est en vigueur. Si c&#8217;est le cas, nous nous empresserons de vous pr\u00e9venir ainsi que d\u00e9poser une plainte aupr\u00e8s des autorit\u00e9s comp\u00e9tentes.<\/p>\n\n\n\n<h2 class=\"wp-block-heading\">5. Assert your rights concerning your data <\/h2>\n\n\n\n<p>Vous pouvez \u00e0 tout moment nous demander l&#8217;acc\u00e8s \u00e0 vos donn\u00e9es \u00e0 des fins de mises \u00e0 jour ou d&#8217;effacement de certaines de celle que nous poss\u00e9dons et utilisons. Vous pouvez aussi vous opposer ou restreindre la mani\u00e8re dont nous utilisons vos donn\u00e9es avec une demande l\u00e9gitime adress\u00e9e \u00e0 notre adresse mail : <a href=\"mailto:info@theyellowcompany.ch\">mailto:info@theyellowcompany.ch<\/a> <\/p>\n\n\n\n<p>Des v\u00e9rifications seront faites pour nous assurer que \u00e7a soit bien vous, et non quelqu&#8217;un de tiers et non-autoris\u00e9 demandant le changement.<\/p>","protected":false},"excerpt":{"rendered":"<p>Derni\u00e8re Mise \u00e0 jour du 25.10.2022 Nous utilisons certains cookies uniquement \u00e0 des buts de fonctionnel ; nous ne vendons donc pas vos donn\u00e9es. Nous pouvons mettre \u00e0 jour cette politique \u00e0 tout moment. En continuant sur ce site, vous acceptez les conditions mises \u00e0 jour. Si vous utilisez les services de La Yellow Company [&hellip;]<\/p>","protected":false},"author":1,"featured_media":0,"parent":0,"menu_order":0,"comment_status":"closed","ping_status":"closed","template":"templates\/template-full-width.php","meta":{"footnotes":""},"class_list":["post-30023","page","type-page","status-publish","hentry"],"_links":{"self":[{"href":"https:\/\/fuel.theyellowcompany.ch\/en\/wp-json\/wp\/v2\/pages\/30023","targetHints":{"allow":["GET"]}}],"collection":[{"href":"https:\/\/fuel.theyellowcompany.ch\/en\/wp-json\/wp\/v2\/pages"}],"about":[{"href":"https:\/\/fuel.theyellowcompany.ch\/en\/wp-json\/wp\/v2\/types\/page"}],"author":[{"embeddable":true,"href":"https:\/\/fuel.theyellowcompany.ch\/en\/wp-json\/wp\/v2\/users\/1"}],"replies":[{"embeddable":true,"href":"https:\/\/fuel.theyellowcompany.ch\/en\/wp-json\/wp\/v2\/comments?post=30023"}],"version-history":[{"count":1,"href":"https:\/\/fuel.theyellowcompany.ch\/en\/wp-json\/wp\/v2\/pages\/30023\/revisions"}],"predecessor-version":[{"id":30029,"href":"https:\/\/fuel.theyellowcompany.ch\/en\/wp-json\/wp\/v2\/pages\/30023\/revisions\/30029"}],"wp:attachment":[{"href":"https:\/\/fuel.theyellowcompany.ch\/en\/wp-json\/wp\/v2\/media?parent=30023"}],"curies":[{"name":"wp","href":"https:\/\/api.w.org\/{rel}","templated":true}]}}