{"id":30239,"date":"2023-02-06T09:34:40","date_gmt":"2023-02-06T08:34:40","guid":{"rendered":"https:\/\/fuel.theyellowcompany.ch\/?page_id=30239"},"modified":"2023-11-07T18:46:52","modified_gmt":"2023-11-07T17:46:52","slug":"production","status":"publish","type":"page","link":"https:\/\/fuel.theyellowcompany.ch\/en\/production\/","title":{"rendered":"Production"},"content":{"rendered":"<h2 class=\"wp-block-heading\">How are we going to produce our biofuels?<\/h2>\n\n\n\n<h4 class=\"wp-block-heading\">For bioethanol<\/h4>\n\n\n\n<p>C&#8217;est assez simple, nous allons commencer par d\u00e9composer le mot, litt\u00e9ralement. Il y a : <\/p>\n\n\n\n<div class=\"wp-block-columns is-layout-flex wp-container-core-columns-is-layout-9d6595d7 wp-block-columns-is-layout-flex\">\n<div class=\"wp-block-column is-layout-flow wp-block-column-is-layout-flow\">\n<h6 class=\"wp-block-heading\">Bio<\/h6>\n\n\n\n<p>Que vous croyez conna\u00eetre, mais attention, il ne faut pas le confondre avec des produits venant d&#8217;une production biologique\u2026 C&#8217;est un produit fait \u00e0 partir de produits organiques toutes les plantes, fruits, etc. Dans notre cas, nous utiliserons des d\u00e9chets organiques.<\/p>\n<\/div>\n\n\n\n<div class=\"wp-block-column is-layout-flow wp-block-column-is-layout-flow\">\n<h6 class=\"wp-block-heading\">Ethanol<\/h6>\n\n\n\n<p>C&#8217;est un simple liquide incolore, un peu volatile, avec une petite odeur. Nous avons oubli\u00e9 de dire qu&#8217;il avait pour synonyme l&#8217;alcool \u00e9thylique, souvent raccourci en alcool\u2026 Oui, oui, c&#8217;est le m\u00eame que vous avez dans vos boissons, mais dans un pourcentage beaucoup plus \u00e9lev\u00e9.<\/p>\n<\/div>\n<\/div>\n\n\n\n<div class=\"wp-block-media-text alignwide is-stacked-on-mobile\" style=\"grid-template-columns:25% auto\"><figure class=\"wp-block-media-text__media\"><img loading=\"lazy\" decoding=\"async\" width=\"512\" height=\"512\" src=\"https:\/\/fuel.theyellowcompany.ch\/wp-content\/uploads\/2023\/02\/food-waste1.png\" alt=\"\" class=\"wp-image-30269 size-full\" srcset=\"https:\/\/fuel.theyellowcompany.ch\/wp-content\/uploads\/2023\/02\/food-waste1.png 512w, https:\/\/fuel.theyellowcompany.ch\/wp-content\/uploads\/2023\/02\/food-waste1-450x450.png 450w, https:\/\/fuel.theyellowcompany.ch\/wp-content\/uploads\/2023\/02\/food-waste1-100x100.png 100w, https:\/\/fuel.theyellowcompany.ch\/wp-content\/uploads\/2023\/02\/food-waste1-300x300.png 300w, https:\/\/fuel.theyellowcompany.ch\/wp-content\/uploads\/2023\/02\/food-waste1-150x150.png 150w\" sizes=\"auto, (max-width: 512px) 100vw, 512px\" \/><\/figure><div class=\"wp-block-media-text__content\">\n<p>La premi\u00e8re \u00e9tape est la r\u00e9cup\u00e9ration, aupr\u00e8s de mara\u00eechers, importateurs, etc. de d\u00e9chets fruitiers qui ne peuvent pas vendre comme des tests de qualit\u00e9, ou d&#8217;autres fruits ab\u00eem\u00e9s ou encore pourris. Nous broierons ceux-ci et les mettrons dans un tonneau avec de l&#8217;eau et un peu de levure&#8230; Pour que la levure fasse bien son travail de transformation, elle doit \u00eatre dans un milieu avec une temp\u00e9rature ambiante de 20\u00b0 \u00e0 25\u00b0.<\/p>\n\n\n\n<p>Il est assez difficile d&#8217;atteindre ces temp\u00e9ratures en hiver et donc nous avons penser \u00e0 une id\u00e9e <strong>A GROUNDBREAKING IDEA!<\/strong> !<\/p>\n<\/div><\/div>\n\n\n\n<figure class=\"wp-block-pullquote\"><blockquote><p>Use the heat generated by our servers for all the stages of production <\/p><cite>They're not so young, and they're still generating plenty of heat to serve you. (right now, by browsing this web page!)<\/cite><\/blockquote><\/figure>\n\n\n\n<div class=\"wp-block-columns is-layout-flex wp-container-core-columns-is-layout-9d6595d7 wp-block-columns-is-layout-flex\">\n<div class=\"wp-block-column is-layout-flow wp-block-column-is-layout-flow\"><div class=\"wp-block-image\">\n<figure class=\"alignright size-full is-resized\"><img loading=\"lazy\" decoding=\"async\" width=\"512\" height=\"512\" src=\"https:\/\/fuel.theyellowcompany.ch\/wp-content\/uploads\/2023\/02\/database-storage.png\" alt=\"\" class=\"wp-image-30276\" style=\"width:128px;height:128px\" srcset=\"https:\/\/fuel.theyellowcompany.ch\/wp-content\/uploads\/2023\/02\/database-storage.png 512w, https:\/\/fuel.theyellowcompany.ch\/wp-content\/uploads\/2023\/02\/database-storage-450x450.png 450w, https:\/\/fuel.theyellowcompany.ch\/wp-content\/uploads\/2023\/02\/database-storage-100x100.png 100w, https:\/\/fuel.theyellowcompany.ch\/wp-content\/uploads\/2023\/02\/database-storage-300x300.png 300w, https:\/\/fuel.theyellowcompany.ch\/wp-content\/uploads\/2023\/02\/database-storage-150x150.png 150w\" sizes=\"auto, (max-width: 512px) 100vw, 512px\" \/><\/figure>\n<\/div><\/div>\n\n\n\n<div class=\"wp-block-column is-layout-flow wp-block-column-is-layout-flow\"><div class=\"wp-block-image\">\n<figure class=\"aligncenter size-full is-resized\"><img loading=\"lazy\" decoding=\"async\" width=\"512\" height=\"512\" src=\"https:\/\/fuel.theyellowcompany.ch\/wp-content\/uploads\/2023\/02\/warm.png\" alt=\"\" class=\"wp-image-30279\" style=\"width:128px;height:128px\" srcset=\"https:\/\/fuel.theyellowcompany.ch\/wp-content\/uploads\/2023\/02\/warm.png 512w, https:\/\/fuel.theyellowcompany.ch\/wp-content\/uploads\/2023\/02\/warm-450x450.png 450w, https:\/\/fuel.theyellowcompany.ch\/wp-content\/uploads\/2023\/02\/warm-100x100.png 100w, https:\/\/fuel.theyellowcompany.ch\/wp-content\/uploads\/2023\/02\/warm-300x300.png 300w, https:\/\/fuel.theyellowcompany.ch\/wp-content\/uploads\/2023\/02\/warm-150x150.png 150w\" sizes=\"auto, (max-width: 512px) 100vw, 512px\" \/><\/figure>\n<\/div><\/div>\n\n\n\n<div class=\"wp-block-column is-layout-flow wp-block-column-is-layout-flow\"><div class=\"wp-block-image\">\n<figure class=\"alignleft size-full is-resized\"><img loading=\"lazy\" decoding=\"async\" width=\"512\" height=\"512\" src=\"https:\/\/fuel.theyellowcompany.ch\/wp-content\/uploads\/2023\/02\/wine-barrel.png\" alt=\"\" class=\"wp-image-30280\" style=\"width:128px;height:128px\" srcset=\"https:\/\/fuel.theyellowcompany.ch\/wp-content\/uploads\/2023\/02\/wine-barrel.png 512w, https:\/\/fuel.theyellowcompany.ch\/wp-content\/uploads\/2023\/02\/wine-barrel-450x450.png 450w, https:\/\/fuel.theyellowcompany.ch\/wp-content\/uploads\/2023\/02\/wine-barrel-100x100.png 100w, https:\/\/fuel.theyellowcompany.ch\/wp-content\/uploads\/2023\/02\/wine-barrel-300x300.png 300w, https:\/\/fuel.theyellowcompany.ch\/wp-content\/uploads\/2023\/02\/wine-barrel-150x150.png 150w\" sizes=\"auto, (max-width: 512px) 100vw, 512px\" \/><\/figure>\n<\/div><\/div>\n<\/div>\n\n\n\n<div class=\"wp-block-group\"><div class=\"wp-block-group__inner-container is-layout-constrained wp-block-group-is-layout-constrained\">\n<div class=\"wp-block-columns is-layout-flex wp-container-core-columns-is-layout-9d6595d7 wp-block-columns-is-layout-flex\">\n<div class=\"wp-block-column is-layout-flow wp-block-column-is-layout-flow\">\n<div class=\"wp-block-buttons is-content-justification-right is-layout-flex wp-container-core-buttons-is-layout-765c4724 wp-block-buttons-is-layout-flex\">\n<div class=\"wp-block-button\"><a class=\"wp-block-button__link has-primary-color has-text-color has-background wp-element-button\" href=\"\/en\/.\/prices\/\" style=\"background-color:#ffff00\">Convaincu j&#8217;ach\u00e8te<\/a><\/div>\n<\/div>\n<\/div>\n\n\n\n<div class=\"wp-block-column is-layout-flow wp-block-column-is-layout-flow\">\n<div class=\"wp-block-buttons is-content-justification-center is-layout-flex wp-container-core-buttons-is-layout-16018d1d wp-block-buttons-is-layout-flex\">\n<div class=\"wp-block-button\"><a class=\"wp-block-button__link has-primary-color has-text-color has-background wp-element-button\" href=\"\/en\/.\/registration\/\" style=\"background-color:#ffff00\">Je m&#8217;inscris \u00e0 la newsletter<\/a><\/div>\n<\/div>\n<\/div>\n\n\n\n<div class=\"wp-block-column is-layout-flow wp-block-column-is-layout-flow\">\n<div class=\"wp-block-buttons is-layout-flex wp-block-buttons-is-layout-flex\">\n<div class=\"wp-block-button\"><a class=\"wp-block-button__link has-primary-color has-text-color has-background wp-element-button\" href=\"\/en\/.\/faq\/\" style=\"background-color:#ffff00\">J&#8217;ai une question &#8230;<\/a><\/div>\n<\/div>\n<\/div>\n<\/div>\n<\/div><\/div>\n\n\n\n<p>Let's get back to business. After spending ten days or so in the barrels, the yeast should have finished its transformation work and we can transfer the contents to our distillery.<\/p>\n\n\n\n<p>Nous le chaufferons avec, encore une fois, nos serveurs \u00e0 une temp\u00e9rature de ~70\u00b0. Si vous ne le saviez pas d\u00e9j\u00e0, l&#8217;alcool \u00e9thylique s&#8217;\u00e9vapore avant l&#8217;eau et gr\u00e2ce \u00e0 notre alambic un peu sp\u00e9cial, nous pourrons arriver \u00e0 de l&#8217;\u00e9thanol \u00e0 un pourcentage tr\u00e8s \u00e9lev\u00e9 ; \u00e0 environ 95%<\/p>\n\n\n\n<blockquote class=\"wp-block-quote is-layout-flow wp-block-quote-is-layout-flow\">\n<p>Attention, un alcool \u00e0 40 % ; ce n&#8217;est pas assez ! Bien que pour vous, il est tr\u00e8s puissant, ce n&#8217;est de loin pas assez pour un moteur ! <strong>NO, you cannot put vodka, whisky or any other alcohol in your tank.<\/strong>.<\/p>\n<cite><strong><a href=\"https:\/\/fuel.theyellowcompany.ch\/wp-admin\/cguv\/\">nous d\u00e9douanons de toute responsabilit\u00e9; Conditions g\u00e9n\u00e9rales d&#8217;utilisation 6.3<\/a><\/strong><\/cite><\/blockquote>\n\n\n\n<p>Pour finir, nous n&#8217;aurons plus qu&#8217;\u00e0 d\u00e9shydrater le distillat avec un tamis mol\u00e9culaire, pour en faire de l&#8217;\u00e9thanol pur. Avec cet \u00e9thanol pur, nous pourrons enfin le m\u00e9langer avec de l&#8217;essence suivant la demande et la saison pour en faire de l&#8217;E85. Le pourcentage d&#8217;essence varie de 15 % \u00e0 35 % en hivers pour que vous puissiez tout de m\u00eame d\u00e9marrer.<\/p>\n\n\n\n<p>Pour des besoins sportifs, nous pourrons, aussi, cr\u00e9er de l&#8217;E100 ; sans essence, mais avec un d\u00e9naturant pour pas qu&#8217;il ne soit utilis\u00e9 \u00e0 d&#8217;autres fins.<\/p>\n\n\n\n<div class=\"wp-block-columns is-layout-flex wp-container-core-columns-is-layout-9d6595d7 wp-block-columns-is-layout-flex\">\n<div class=\"wp-block-column is-layout-flow wp-block-column-is-layout-flow\"><div class=\"wp-block-image\">\n<figure class=\"alignright size-full is-resized\"><img loading=\"lazy\" decoding=\"async\" width=\"512\" height=\"512\" src=\"https:\/\/fuel.theyellowcompany.ch\/wp-content\/uploads\/2023\/02\/no-water.png\" alt=\"\" class=\"wp-image-30308\" style=\"width:128px;height:128px\" srcset=\"https:\/\/fuel.theyellowcompany.ch\/wp-content\/uploads\/2023\/02\/no-water.png 512w, https:\/\/fuel.theyellowcompany.ch\/wp-content\/uploads\/2023\/02\/no-water-450x450.png 450w, https:\/\/fuel.theyellowcompany.ch\/wp-content\/uploads\/2023\/02\/no-water-100x100.png 100w, https:\/\/fuel.theyellowcompany.ch\/wp-content\/uploads\/2023\/02\/no-water-300x300.png 300w, https:\/\/fuel.theyellowcompany.ch\/wp-content\/uploads\/2023\/02\/no-water-150x150.png 150w\" sizes=\"auto, (max-width: 512px) 100vw, 512px\" \/><\/figure>\n<\/div><\/div>\n\n\n\n<div class=\"wp-block-column is-vertically-aligned-center is-layout-flow wp-block-column-is-layout-flow\"><div class=\"wp-block-image\">\n<figure class=\"aligncenter size-full is-resized\"><img loading=\"lazy\" decoding=\"async\" width=\"512\" height=\"512\" src=\"https:\/\/fuel.theyellowcompany.ch\/wp-content\/uploads\/2023\/02\/sieve.png\" alt=\"\" class=\"wp-image-30305\" style=\"width:128px;height:128px\" srcset=\"https:\/\/fuel.theyellowcompany.ch\/wp-content\/uploads\/2023\/02\/sieve.png 512w, https:\/\/fuel.theyellowcompany.ch\/wp-content\/uploads\/2023\/02\/sieve-450x450.png 450w, https:\/\/fuel.theyellowcompany.ch\/wp-content\/uploads\/2023\/02\/sieve-100x100.png 100w, https:\/\/fuel.theyellowcompany.ch\/wp-content\/uploads\/2023\/02\/sieve-300x300.png 300w, https:\/\/fuel.theyellowcompany.ch\/wp-content\/uploads\/2023\/02\/sieve-150x150.png 150w\" sizes=\"auto, (max-width: 512px) 100vw, 512px\" \/><\/figure>\n<\/div><\/div>\n\n\n\n<div class=\"wp-block-column is-layout-flow wp-block-column-is-layout-flow\"><div class=\"wp-block-image\">\n<figure class=\"alignleft size-full is-resized\"><img loading=\"lazy\" decoding=\"async\" width=\"512\" height=\"512\" src=\"https:\/\/fuel.theyellowcompany.ch\/wp-content\/uploads\/2023\/02\/ethanol1.png\" alt=\"\" class=\"wp-image-30307\" style=\"width:128px;height:128px\" srcset=\"https:\/\/fuel.theyellowcompany.ch\/wp-content\/uploads\/2023\/02\/ethanol1.png 512w, https:\/\/fuel.theyellowcompany.ch\/wp-content\/uploads\/2023\/02\/ethanol1-450x450.png 450w, https:\/\/fuel.theyellowcompany.ch\/wp-content\/uploads\/2023\/02\/ethanol1-100x100.png 100w, https:\/\/fuel.theyellowcompany.ch\/wp-content\/uploads\/2023\/02\/ethanol1-300x300.png 300w, https:\/\/fuel.theyellowcompany.ch\/wp-content\/uploads\/2023\/02\/ethanol1-150x150.png 150w\" sizes=\"auto, (max-width: 512px) 100vw, 512px\" \/><\/figure>\n<\/div><\/div>\n<\/div>\n\n\n\n<p>Nous esp\u00e9rons que cette petite marche \u00e0 suivre vous \u00e9claira sur le proc\u00e9der et notre fa\u00e7on unique de combiner diff\u00e9rents domaines qui n&#8217;ont rien \u00e0 voir ensemble !<\/p>\n\n\n\n<div class=\"wp-block-group\"><div class=\"wp-block-group__inner-container is-layout-constrained wp-block-group-is-layout-constrained\">\n<div class=\"wp-block-columns is-layout-flex wp-container-core-columns-is-layout-9d6595d7 wp-block-columns-is-layout-flex\">\n<div class=\"wp-block-column is-layout-flow wp-block-column-is-layout-flow\">\n<div class=\"wp-block-buttons is-content-justification-right is-layout-flex wp-container-core-buttons-is-layout-765c4724 wp-block-buttons-is-layout-flex\">\n<div class=\"wp-block-button\"><a class=\"wp-block-button__link has-primary-color has-text-color has-background wp-element-button\" href=\"\/en\/.\/prices\/\" style=\"background-color:#ffff00\">Convaincu j&#8217;ach\u00e8te<\/a><\/div>\n<\/div>\n<\/div>\n\n\n\n<div class=\"wp-block-column is-layout-flow wp-block-column-is-layout-flow\">\n<div class=\"wp-block-buttons is-content-justification-center is-layout-flex wp-container-core-buttons-is-layout-16018d1d wp-block-buttons-is-layout-flex\">\n<div class=\"wp-block-button\"><a class=\"wp-block-button__link has-primary-color has-text-color has-background wp-element-button\" href=\"\/en\/.\/registration\/\" style=\"background-color:#ffff00\">Je m&#8217;inscris \u00e0 la newsletter<\/a><\/div>\n<\/div>\n<\/div>\n\n\n\n<div class=\"wp-block-column is-layout-flow wp-block-column-is-layout-flow\">\n<div class=\"wp-block-buttons is-layout-flex wp-block-buttons-is-layout-flex\">\n<div class=\"wp-block-button\"><a class=\"wp-block-button__link has-primary-color has-text-color has-background wp-element-button\" href=\"\/en\/.\/faq\/\" style=\"background-color:#ffff00\">J&#8217;ai une question &#8230;<\/a><\/div>\n<\/div>\n<\/div>\n<\/div>\n<\/div><\/div>\n\n\n\n<h5 class=\"wp-block-heading\">Current supplies<\/h5>\n\n\n\n<p>Avant de pouvoir mettre en place tout ce proc\u00e9d\u00e9 en place, nous devons le justifier avec un minimum de client\u00e8le. C&#8217;est pour cette raison, qu&#8217;actuellement, nous nous approvisionnons aupr\u00e8s de stations-services en France voisine qui disposent, pour certaines, d\u00e9j\u00e0 du produit.<\/p>\n\n\n\n<p>For a new start-up like ours, in the early stages of its proof of concept\/feasibility, we need to concentrate on the processes before we can really set up our infrastructure.<\/p>\n\n\n\n<p>We hope you'll understand why, and we want you to know that we're doing everything we can to put this revolutionary infrastructure in place!<\/p>","protected":false},"excerpt":{"rendered":"<p>Comment allons-nous produire nos Bio-carburants ? Pour le bio\u00e9thanol C&#8217;est assez simple, nous allons commencer par d\u00e9composer le mot, litt\u00e9ralement. Il y a : Bio Que vous croyez conna\u00eetre, mais attention, il ne faut pas le confondre avec des produits venant d&#8217;une production biologique\u2026 C&#8217;est un produit fait \u00e0 partir de produits organiques toutes les [&hellip;]<\/p>","protected":false},"author":1,"featured_media":0,"parent":0,"menu_order":0,"comment_status":"closed","ping_status":"closed","template":"templates\/template-full-width.php","meta":{"footnotes":""},"class_list":["post-30239","page","type-page","status-publish","hentry"],"_links":{"self":[{"href":"https:\/\/fuel.theyellowcompany.ch\/en\/wp-json\/wp\/v2\/pages\/30239","targetHints":{"allow":["GET"]}}],"collection":[{"href":"https:\/\/fuel.theyellowcompany.ch\/en\/wp-json\/wp\/v2\/pages"}],"about":[{"href":"https:\/\/fuel.theyellowcompany.ch\/en\/wp-json\/wp\/v2\/types\/page"}],"author":[{"embeddable":true,"href":"https:\/\/fuel.theyellowcompany.ch\/en\/wp-json\/wp\/v2\/users\/1"}],"replies":[{"embeddable":true,"href":"https:\/\/fuel.theyellowcompany.ch\/en\/wp-json\/wp\/v2\/comments?post=30239"}],"version-history":[{"count":55,"href":"https:\/\/fuel.theyellowcompany.ch\/en\/wp-json\/wp\/v2\/pages\/30239\/revisions"}],"predecessor-version":[{"id":30788,"href":"https:\/\/fuel.theyellowcompany.ch\/en\/wp-json\/wp\/v2\/pages\/30239\/revisions\/30788"}],"wp:attachment":[{"href":"https:\/\/fuel.theyellowcompany.ch\/en\/wp-json\/wp\/v2\/media?parent=30239"}],"curies":[{"name":"wp","href":"https:\/\/api.w.org\/{rel}","templated":true}]}}