{"id":30346,"date":"2023-02-19T11:52:04","date_gmt":"2023-02-19T10:52:04","guid":{"rendered":"https:\/\/fuel.theyellowcompany.ch\/?page_id=30346"},"modified":"2023-04-29T15:57:28","modified_gmt":"2023-04-29T13:57:28","slug":"moto","status":"publish","type":"page","link":"https:\/\/fuel.theyellowcompany.ch\/en\/moto\/","title":{"rendered":"Motorcycle"},"content":{"rendered":"<div class=\"wp-block-media-text alignwide is-stacked-on-mobile\" style=\"grid-template-columns:20% auto\"><figure class=\"wp-block-media-text__media\"><img loading=\"lazy\" decoding=\"async\" width=\"512\" height=\"512\" src=\"https:\/\/fuel.theyellowcompany.ch\/wp-content\/uploads\/2023\/02\/motorbike.png\" alt=\"\" class=\"wp-image-30363 size-full\" srcset=\"https:\/\/fuel.theyellowcompany.ch\/wp-content\/uploads\/2023\/02\/motorbike.png 512w, https:\/\/fuel.theyellowcompany.ch\/wp-content\/uploads\/2023\/02\/motorbike-450x450.png 450w, https:\/\/fuel.theyellowcompany.ch\/wp-content\/uploads\/2023\/02\/motorbike-100x100.png 100w, https:\/\/fuel.theyellowcompany.ch\/wp-content\/uploads\/2023\/02\/motorbike-300x300.png 300w, https:\/\/fuel.theyellowcompany.ch\/wp-content\/uploads\/2023\/02\/motorbike-150x150.png 150w\" sizes=\"auto, (max-width: 512px) 100vw, 512px\" \/><\/figure><div class=\"wp-block-media-text__content\">\n<h4 class=\"wp-block-heading\">We have 2 solutions for motorbikes and 2\/3-wheelers in general:<\/h4>\n<\/div><\/div>\n\n\n\n<div class=\"wp-block-columns is-layout-flex wp-container-core-columns-is-layout-9d6595d7 wp-block-columns-is-layout-flex\">\n<div class=\"wp-block-column is-layout-flow wp-block-column-is-layout-flow\">\n<h4 class=\"wp-block-heading\">Reprogramming<\/h4>\n\n\n\n<p>For the most common motorbikes fitted with ECUs, we can carry out the same conversion as for cars<\/p>\n\n\n\n<div class=\"wp-block-media-text alignwide is-stacked-on-mobile\"><figure class=\"wp-block-media-text__media\"><img loading=\"lazy\" decoding=\"async\" width=\"512\" height=\"512\" src=\"https:\/\/fuel.theyellowcompany.ch\/wp-content\/uploads\/2023\/02\/code.png\" alt=\"\" class=\"wp-image-30369 size-full\" srcset=\"https:\/\/fuel.theyellowcompany.ch\/wp-content\/uploads\/2023\/02\/code.png 512w, https:\/\/fuel.theyellowcompany.ch\/wp-content\/uploads\/2023\/02\/code-450x450.png 450w, https:\/\/fuel.theyellowcompany.ch\/wp-content\/uploads\/2023\/02\/code-100x100.png 100w, https:\/\/fuel.theyellowcompany.ch\/wp-content\/uploads\/2023\/02\/code-300x300.png 300w, https:\/\/fuel.theyellowcompany.ch\/wp-content\/uploads\/2023\/02\/code-150x150.png 150w\" sizes=\"auto, (max-width: 512px) 100vw, 512px\" \/><\/figure><div class=\"wp-block-media-text__content\">\n<p>Le service comprend donc : le pick-up chez vous, le transport, la reprogrammation, l&#8217;homologation et le retour avec le plein.<\/p>\n<\/div><\/div>\n<\/div>\n\n\n\n<div class=\"wp-block-column is-layout-flow wp-block-column-is-layout-flow\">\n<h4 class=\"wp-block-heading\">E-Flexbike Plus solution from Thorn Bikes<\/h4>\n\n\n\n<p>Pour les motos moins communes o\u00f9 nous ne pourrions pas atteindre le nombre minium d&#8217;utilisateurs requis pour diviser de mani\u00e8re acceptable le prix de l&#8217;homologation ;<br>We can offer you the E-FlexMoto Plus solution<\/p>\n\n\n\n<p>Il est vrai, que nous pr\u00e9f\u00e9rons la reprogrammation, mais lorsque c&#8217;est fait par un pr\u00e9parateur renomm\u00e9 dans toute la France ainsi que par des m\u00e9dias motos ; nous ne pouvons que le conseiller ! <\/p>\n\n\n\n<p>A Swiss garage approved by Thorn Bikes will carry out the modification.<\/p>\n\n\n\n<p>Le service comprend donc : le pick-up chez vous, le transport, l&#8217;installation du bo\u00eetier, l&#8217;homologation et le retour avec le plein.<\/p>\n<\/div>\n<\/div>\n\n\n\n<div class=\"wp-block-columns is-layout-flex wp-container-core-columns-is-layout-9d6595d7 wp-block-columns-is-layout-flex\">\n<div class=\"wp-block-column is-layout-flow wp-block-column-is-layout-flow\" style=\"flex-basis:50%\">\n<div class=\"wp-block-buttons is-content-justification-center is-layout-flex wp-container-core-buttons-is-layout-16018d1d wp-block-buttons-is-layout-flex\">\n<div class=\"wp-block-button has-custom-width wp-block-button__width-100 has-custom-font-size has-normal-font-size\"><a class=\"wp-block-button__link has-primary-color has-text-color has-background has-text-align-center wp-element-button\" href=\"\/en\/registration\/\" style=\"background-color:#fff200\">Je m&#8217;inscris<\/a><\/div>\n<\/div>\n\n\n\n<p class=\"has-text-align-center\">C&#8217;est gratuit et sans engagement !<\/p>\n<\/div>\n\n\n\n<div class=\"wp-block-column is-layout-flow wp-block-column-is-layout-flow\" style=\"flex-basis:50%\">\n<div class=\"wp-block-buttons is-layout-flex wp-block-buttons-is-layout-flex\">\n<div class=\"wp-block-button has-custom-width wp-block-button__width-100 has-custom-font-size has-normal-font-size\"><a class=\"wp-block-button__link has-primary-color has-text-color has-background wp-element-button\" href=\"\/en\/.\/delivery\/\" style=\"background-color:#fff200\">Delivery<\/a><\/div>\n<\/div>\n<\/div>\n<\/div>\n\n\n\n<h2 class=\"wp-block-heading\">Questions and Answer (QNA)<\/h2>\n\n\n\n<div class=\"wp-block-pb-accordion-item c-accordion__item js-accordion-item no-js\" data-initially-open=\"false\" data-click-to-close=\"true\" data-auto-close=\"true\" data-scroll=\"false\" data-scroll-offset=\"0\"><h6 id=\"at-303460\" class=\"c-accordion__title js-accordion-controller\" role=\"button\">What would be my tax reduction ?<\/h6><div id=\"ac-303460\" class=\"c-accordion__content\">\n<p>Malheureusement, les taxes motos sont encore calcul\u00e9es suivant l&#8217;ancien syst\u00e8me o\u00f9 la cylindr\u00e9e des motos est choisie pour le calcul sauf pour Gen\u00e8ve o\u00f9 c&#8217;est la puissance qui est choisie.<br>Il n&#8217;y a aucunes r\u00e9ductions de taxe due \u00e0 l&#8217;utilisation du bio\u00e9thanol dans aucuns des cantons sauf peut-\u00eatre pour le canton du Jura avec un 50 %<sub>(to be confirmed)<\/sub><\/p>\n<\/div><\/div>\n\n\n\n<div class=\"wp-block-pb-accordion-item c-accordion__item js-accordion-item no-js\" data-initially-open=\"false\" data-click-to-close=\"true\" data-auto-close=\"true\" data-scroll=\"false\" data-scroll-offset=\"0\"><h6 id=\"at-303461\" class=\"c-accordion__title js-accordion-controller\" role=\"button\">Is there a loss of power?<\/h6><div id=\"ac-303461\" class=\"c-accordion__content\">\n<p>Non, m\u00eame avec le bo\u00eetier et c&#8217;est la principale raison pour laquelle nous vous le conseillons.<\/p>\n\n\n\n<p>There is even a possibility of gaining power simply by using bioethanol and its high octane.<\/p>\n\n\n\n<p>Sans oublier de dire que nous l&#8217;utilisons dans nos motos personnelles !<\/p>\n<\/div><\/div>\n\n\n\n<div class=\"wp-block-pb-accordion-item c-accordion__item js-accordion-item no-js\" data-initially-open=\"false\" data-click-to-close=\"true\" data-auto-close=\"true\" data-scroll=\"false\" data-scroll-offset=\"0\"><h6 id=\"at-303462\" class=\"c-accordion__title js-accordion-controller\" role=\"button\">Peux-je utiliser de l&#8217;\u00e9thanol avec ma moto \u00e0 carburateur <\/h6><div id=\"ac-303462\" class=\"c-accordion__content\">\n<p>The carburetors are not dynamically controlled by sensors and a computer; they are 100% manual. <\/p>\n\n\n\n<p>Si vous savez comment r\u00e9gler un carburateur, nous nous ferons un plaisir de vous livrer le carburant, mais nous nous y concentrons dans un second temps et uniquement s&#8217;il y a une certaine demande.<\/p>\n<\/div><\/div>\n\n\n\n<h6 class=\"wp-block-heading has-text-align-center\">Les autres questions se trouvant sur la page principale des questions\/r\u00e9ponses s&#8217;appliquent aussi aux motos<\/h6>\n\n\n\n<div class=\"wp-block-buttons is-content-justification-center is-layout-flex wp-container-core-buttons-is-layout-16018d1d wp-block-buttons-is-layout-flex\">\n<div class=\"wp-block-button\"><a class=\"wp-block-button__link has-primary-color has-text-color has-background wp-element-button\" href=\"\/en\/.\/faq\/\" style=\"background-color:#fff200\">The main Q&amp;A page<\/a><\/div>\n<\/div>","protected":false},"excerpt":{"rendered":"<p>Pour les motos et les 2\/3 roues en g\u00e9n\u00e9ral, nous avons 2 solutions \u00e0 vous proposer : La reprogrammation Pour les motos les plus communes et qui sont \u00e9quip\u00e9es de calculateurs, nous pouvons effectuer la m\u00eame conversion que pour les voitures Le service comprend donc : le pick-up chez vous, le transport, la reprogrammation, l&#8217;homologation [&hellip;]<\/p>\n","protected":false},"author":1,"featured_media":0,"parent":0,"menu_order":0,"comment_status":"closed","ping_status":"closed","template":"templates\/template-full-width.php","meta":{"footnotes":""},"class_list":["post-30346","page","type-page","status-publish","hentry"],"_links":{"self":[{"href":"https:\/\/fuel.theyellowcompany.ch\/en\/wp-json\/wp\/v2\/pages\/30346","targetHints":{"allow":["GET"]}}],"collection":[{"href":"https:\/\/fuel.theyellowcompany.ch\/en\/wp-json\/wp\/v2\/pages"}],"about":[{"href":"https:\/\/fuel.theyellowcompany.ch\/en\/wp-json\/wp\/v2\/types\/page"}],"author":[{"embeddable":true,"href":"https:\/\/fuel.theyellowcompany.ch\/en\/wp-json\/wp\/v2\/users\/1"}],"replies":[{"embeddable":true,"href":"https:\/\/fuel.theyellowcompany.ch\/en\/wp-json\/wp\/v2\/comments?post=30346"}],"version-history":[{"count":39,"href":"https:\/\/fuel.theyellowcompany.ch\/en\/wp-json\/wp\/v2\/pages\/30346\/revisions"}],"predecessor-version":[{"id":30563,"href":"https:\/\/fuel.theyellowcompany.ch\/en\/wp-json\/wp\/v2\/pages\/30346\/revisions\/30563"}],"wp:attachment":[{"href":"https:\/\/fuel.theyellowcompany.ch\/en\/wp-json\/wp\/v2\/media?parent=30346"}],"curies":[{"name":"wp","href":"https:\/\/api.w.org\/{rel}","templated":true}]}}