{"id":29685,"date":"2022-11-03T18:26:19","date_gmt":"2022-11-03T17:26:19","guid":{"rendered":"https:\/\/fuel.theyellowcompany.ch\/?post_type=product&#038;p=29685"},"modified":"2024-11-22T19:03:51","modified_gmt":"2024-11-22T18:03:51","slug":"acompte-pour-nous-aider","status":"publish","type":"product","link":"https:\/\/fuel.theyellowcompany.ch\/en\/product\/acompte-pour-nous-aider\/","title":{"rendered":"Deposit for conversion (including certification)"},"content":{"rendered":"<p>This is a CHF 300.- deposit to get your car converted<br \/>\nIt gives you access to a prioritised conversion  Thank you for supporting our project!<\/p>\n<p>Nous le rappelons, cette conversion permettra, \u00e0 votre v\u00e9hicule actuel, d&#8217;utiliser du bio\u00e9thanol ainsi que de l&#8217;essence si besoin.<br \/>\nCeci permettra \u00e0 celui-ci d&#8217;\u00e9mettre -50% de CO2, faire des \u00e9conomies \u00e0 la pompe gr\u00e2ce au litre \u00e0 proche du 1 CHF\/L et pour certains cantons ; la taxe auto annuelle jusqu&#8217;\u00e0 -75% (Vaud)<\/p>","protected":false},"excerpt":{"rendered":"<p>Ceci est un premier acompte de 300.- CHF pour la conversion ! Il vous donne acc\u00e8s \u00e0 une conversion prioris\u00e9 et notre plus grande gratitude envers vous ! Merci de soutenir notre projet ! Nous le rappelons, cette conversion permettra, \u00e0 votre v\u00e9hicule actuel, d&#8217;utiliser du bio\u00e9thanol ainsi que de l&#8217;essence si besoin. Ceci permettra [&hellip;]<\/p>\n","protected":false},"featured_media":30260,"comment_status":"open","ping_status":"closed","template":"","meta":[],"product_brand":[],"product_cat":[39],"product_tag":[],"class_list":{"0":"post-29685","1":"product","2":"type-product","3":"status-publish","4":"has-post-thumbnail","6":"product_cat-conversion","8":"first","9":"instock","10":"virtual","11":"purchasable","12":"product-type-simple"},"_links":{"self":[{"href":"https:\/\/fuel.theyellowcompany.ch\/en\/wp-json\/wp\/v2\/product\/29685","targetHints":{"allow":["GET"]}}],"collection":[{"href":"https:\/\/fuel.theyellowcompany.ch\/en\/wp-json\/wp\/v2\/product"}],"about":[{"href":"https:\/\/fuel.theyellowcompany.ch\/en\/wp-json\/wp\/v2\/types\/product"}],"replies":[{"embeddable":true,"href":"https:\/\/fuel.theyellowcompany.ch\/en\/wp-json\/wp\/v2\/comments?post=29685"}],"wp:featuredmedia":[{"embeddable":true,"href":"https:\/\/fuel.theyellowcompany.ch\/en\/wp-json\/wp\/v2\/media\/30260"}],"wp:attachment":[{"href":"https:\/\/fuel.theyellowcompany.ch\/en\/wp-json\/wp\/v2\/media?parent=29685"}],"wp:term":[{"taxonomy":"product_brand","embeddable":true,"href":"https:\/\/fuel.theyellowcompany.ch\/en\/wp-json\/wp\/v2\/product_brand?post=29685"},{"taxonomy":"product_cat","embeddable":true,"href":"https:\/\/fuel.theyellowcompany.ch\/en\/wp-json\/wp\/v2\/product_cat?post=29685"},{"taxonomy":"product_tag","embeddable":true,"href":"https:\/\/fuel.theyellowcompany.ch\/en\/wp-json\/wp\/v2\/product_tag?post=29685"}],"curies":[{"name":"wp","href":"https:\/\/api.w.org\/{rel}","templated":true}]}}