{"id":30383,"date":"2023-02-19T11:16:30","date_gmt":"2023-02-19T10:16:30","guid":{"rendered":"https:\/\/fuel.theyellowcompany.ch\/?post_type=product&#038;p=30383"},"modified":"2023-06-13T14:39:22","modified_gmt":"2023-06-13T12:39:22","slug":"acompte-pour-lhomologation","status":"publish","type":"product","link":"https:\/\/fuel.theyellowcompany.ch\/en\/product\/acompte-pour-lhomologation\/","title":{"rendered":"Acompte pour l&#8217;homologation (d\u00e9j\u00e0 converti)"},"content":{"rendered":"<p>Ceci est un acompte de 500.- CHF lorsque votre v\u00e9hicule est d\u00e9j\u00e0 converti et vous cherchez \u00e0 l&#8217;homologuer !<br \/>\nNous vous contacterons d\u00e8s que nous pourrons passer l&#8217;homologation.<\/p>\n<p>Thank you very much, Tanks for supporting our project!<\/p>","protected":false},"excerpt":{"rendered":"<p>Ceci est un acompte de 500.- CHF lorsque votre v\u00e9hicule est d\u00e9j\u00e0 converti et vous cherchez \u00e0 l&#8217;homologuer ! Nous vous contacterons d\u00e8s que nous pourrons passer l&#8217;homologation. Nous vous adressons notre plus grande gratitude ! Merci de soutenir notre projet !<\/p>","protected":false},"featured_media":30384,"comment_status":"open","ping_status":"closed","template":"","meta":[],"product_brand":[],"product_cat":[39],"product_tag":[],"class_list":{"0":"post-30383","1":"product","2":"type-product","3":"status-publish","4":"has-post-thumbnail","6":"product_cat-conversion","8":"first","9":"instock","10":"virtual","11":"purchasable","12":"product-type-simple"},"_links":{"self":[{"href":"https:\/\/fuel.theyellowcompany.ch\/en\/wp-json\/wp\/v2\/product\/30383","targetHints":{"allow":["GET"]}}],"collection":[{"href":"https:\/\/fuel.theyellowcompany.ch\/en\/wp-json\/wp\/v2\/product"}],"about":[{"href":"https:\/\/fuel.theyellowcompany.ch\/en\/wp-json\/wp\/v2\/types\/product"}],"replies":[{"embeddable":true,"href":"https:\/\/fuel.theyellowcompany.ch\/en\/wp-json\/wp\/v2\/comments?post=30383"}],"wp:featuredmedia":[{"embeddable":true,"href":"https:\/\/fuel.theyellowcompany.ch\/en\/wp-json\/wp\/v2\/media\/30384"}],"wp:attachment":[{"href":"https:\/\/fuel.theyellowcompany.ch\/en\/wp-json\/wp\/v2\/media?parent=30383"}],"wp:term":[{"taxonomy":"product_brand","embeddable":true,"href":"https:\/\/fuel.theyellowcompany.ch\/en\/wp-json\/wp\/v2\/product_brand?post=30383"},{"taxonomy":"product_cat","embeddable":true,"href":"https:\/\/fuel.theyellowcompany.ch\/en\/wp-json\/wp\/v2\/product_cat?post=30383"},{"taxonomy":"product_tag","embeddable":true,"href":"https:\/\/fuel.theyellowcompany.ch\/en\/wp-json\/wp\/v2\/product_tag?post=30383"}],"curies":[{"name":"wp","href":"https:\/\/api.w.org\/{rel}","templated":true}]}}